{"id":2,"date":"2013-11-07T11:18:54","date_gmt":"2013-11-07T11:18:54","guid":{"rendered":"https:\/\/www.oulfa.fr\/blog\/?page_id=2"},"modified":"2021-12-17T10:36:18","modified_gmt":"2021-12-17T09:36:18","slug":"qui-sommes-nous","status":"publish","type":"page","link":"https:\/\/www.oulfa.fr\/blog\/qui-sommes-nous\/","title":{"rendered":"Qui sommes-nous ?"},"content":{"rendered":"<p><a href=\"https:\/\/www.oulfa.fr\/blog\/wp-content\/uploads\/2013\/11\/securite-discretion.jpg\"><img decoding=\"async\" class=\"size-thumbnail wp-image-27 alignleft\" alt=\"securite-discretion\" src=\"https:\/\/www.oulfa.fr\/blog\/wp-content\/uploads\/2013\/11\/securite-discretion-150x150.jpg\" width=\"150\" height=\"150\"><\/a>Ce blog &#8211; Amour et rencontre s\u00e9rieuses sur Internet &#8211; est un blog \u00e9dit\u00e9 par l&rsquo;\u00e9quipe Oulfa pour vous informer de l&rsquo;actualit\u00e9 r\u00e9cente sur le site en particulier et plus g\u00e9n\u00e9ralement sur l&rsquo;actualit\u00e9 des rencontres amoureuses. Ce blog nous permet de mettre en ligne des astuces et conseils permettant aux c\u00e9libataires de trouver ais\u00e9ment l&rsquo;amour sur internet.<\/p>\n<blockquote><p>Ce blog est fait pour les c\u00e9libataires membres de Oulfa ou non qui d\u00e9sirent s\u2019informer ou t\u00e9moigner sur des sujets relatifs \u00e0 la rencontre et l&rsquo;amour. Ce sera un environnement de dialogue et d&rsquo;\u00e9change entre nous tous et nous esp\u00e9rons que vous serez nombreux \u00e0 y participer.<\/p><\/blockquote>\n<p>Oulfa est une soci\u00e9t\u00e9 de m\u00e9dias num\u00e9riques, comme vous le savez d\u00e9dier \u00e0 l&rsquo;amour et aux relations. En tant que site de rencontres s\u00e9rieuses, nous menons la conversation qui se rapproche le plus au c\u0153ur des c\u00e9libataires qui recherche l&rsquo;amour. Aussi une rubrique est d\u00e9di\u00e9e aux personnes ayant trouv\u00e9 l&rsquo;amour pour les aider \u00e0 vivre les meilleures de la vie amoureuse.<\/p>\n<blockquote><p>En conclusion le blog Oulfa offre des informations (textes et vid\u00e9os) sur l&rsquo;amour, \u00e0 une communaut\u00e9 tr\u00e8s active et engag\u00e9e, o\u00f9 les utilisateurs apprennent, affirment et partagent sur des sujets divers.<\/p><\/blockquote>\n<p>Pour s&rsquo;inscire sur Oulfa&nbsp;<a href=\"https:\/\/www.oulfa.fr\/\">https:\/\/www.oulfa.fr<\/a>&nbsp;<\/p>\n","protected":false},"excerpt":{"rendered":"<p>Ce blog &#8211; Amour et rencontre s\u00e9rieuses sur Internet &#8211; est un blog \u00e9dit\u00e9 par l&rsquo;\u00e9quipe Oulfa pour vous informer de l&rsquo;actualit\u00e9 r\u00e9cente sur le [&hellip;]<\/p>\n","protected":false},"author":1,"featured_media":0,"parent":0,"menu_order":0,"comment_status":"closed","ping_status":"open","template":"","meta":{"footnotes":""},"better_featured_image":null,"aioseo_notices":[],"_links":{"self":[{"href":"https:\/\/www.oulfa.fr\/blog\/wp-json\/wp\/v2\/pages\/2"}],"collection":[{"href":"https:\/\/www.oulfa.fr\/blog\/wp-json\/wp\/v2\/pages"}],"about":[{"href":"https:\/\/www.oulfa.fr\/blog\/wp-json\/wp\/v2\/types\/page"}],"author":[{"embeddable":true,"href":"https:\/\/www.oulfa.fr\/blog\/wp-json\/wp\/v2\/users\/1"}],"replies":[{"embeddable":true,"href":"https:\/\/www.oulfa.fr\/blog\/wp-json\/wp\/v2\/comments?post=2"}],"version-history":[{"count":0,"href":"https:\/\/www.oulfa.fr\/blog\/wp-json\/wp\/v2\/pages\/2\/revisions"}],"wp:attachment":[{"href":"https:\/\/www.oulfa.fr\/blog\/wp-json\/wp\/v2\/media?parent=2"}],"curies":[{"name":"wp","href":"https:\/\/api.w.org\/{rel}","templated":true}]}}